{"id":3154,"date":"2021-11-24T11:12:32","date_gmt":"2021-11-24T10:12:32","guid":{"rendered":"https:\/\/lmanew.e6318.servidornet.com\/biological-afm\/"},"modified":"2025-01-17T15:19:39","modified_gmt":"2025-01-17T13:19:39","slug":"biological-afm","status":"publish","type":"page","link":"https:\/\/lma.unizar.es\/en\/biological-afm\/","title":{"rendered":"Biological AFM"},"content":{"rendered":"<p>[et_pb_section fb_built=&#8221;1&#8243; _builder_version=&#8221;4.14.2&#8243; background_image=&#8221;https:\/\/lma.unizar.es\/wp-content\/uploads\/2021\/06\/fondo2.jpg&#8221; custom_padding=&#8221;260px||85px||false|false&#8221; global_colors_info=&#8221;{}&#8221;][et_pb_row _builder_version=&#8221;4.3.2&#8243; global_colors_info=&#8221;{}&#8221;][et_pb_column type=&#8221;4_4&#8243; _builder_version=&#8221;4.3.2&#8243; global_colors_info=&#8221;{}&#8221;][et_pb_text _builder_version=&#8221;4.9.4&#8243; header_font=&#8221;|||on|||||&#8221; header_text_align=&#8221;center&#8221; header_text_color=&#8221;#ffffff&#8221; header_font_size=&#8221;50px&#8221; header_text_shadow_style=&#8221;preset4&#8243; global_colors_info=&#8221;{}&#8221;]<\/p>\n<h1>BIOLOGICAL AFM<\/h1>\n<p>[\/et_pb_text][\/et_pb_column][\/et_pb_row][\/et_pb_section][et_pb_section fb_built=&#8221;1&#8243; _builder_version=&#8221;4.14.2&#8243; _module_preset=&#8221;default&#8221; background_color=&#8221;#f2f2f2&#8243; custom_margin=&#8221;-1px|||||&#8221; custom_padding=&#8221;10px||30px|||&#8221; box_shadow_style=&#8221;preset3&#8243; locked=&#8221;off&#8221; global_colors_info=&#8221;{}&#8221;][et_pb_row _builder_version=&#8221;4.14.2&#8243; _module_preset=&#8221;default&#8221; background_color=&#8221;#FFFFFF&#8221; custom_margin=&#8221;12px|auto||auto||&#8221; border_width_all=&#8221;10px&#8221; border_color_all=&#8221;#4370b4&#8243; border_style_all=&#8221;outset&#8221; global_colors_info=&#8221;{}&#8221;][et_pb_column type=&#8221;4_4&#8243; _builder_version=&#8221;4.14.2&#8243; _module_preset=&#8221;default&#8221; global_colors_info=&#8221;{}&#8221;][et_pb_text _builder_version=&#8221;4.14.2&#8243; _module_preset=&#8221;default&#8221; text_font=&#8221;|700||on|||||&#8221; text_font_size=&#8221;18px&#8221; text_orientation=&#8221;center&#8221; custom_margin=&#8221;||13px|||&#8221; global_colors_info=&#8221;{}&#8221;]Scanning probe microscopy (SPM) area[\/et_pb_text][et_pb_button button_url=&#8221;https:\/\/lma.unizar.es\/en\/scanning-probe-microscopy-spm-area\/&#8221; button_text=&#8221;SEE EQUIPMENT&#8221; button_alignment=&#8221;center&#8221; _builder_version=&#8221;4.14.2&#8243; _module_preset=&#8221;default&#8221; custom_button=&#8221;on&#8221; button_text_size=&#8221;16px&#8221; button_bg_color=&#8221;#FFFFFF&#8221; button_border_width=&#8221;0px&#8221; button_border_radius=&#8221;4px&#8221; button_letter_spacing=&#8221;0px&#8221; button_font=&#8221;|700||on|||||&#8221; button_icon=&#8221;&#x3d;||divi||400&#8243; custom_margin=&#8221;0px||8px||false|false&#8221; custom_padding=&#8221;4px||4px||true|false&#8221; hover_enabled=&#8221;0&#8243; button_text_color_tablet=&#8221;&#8221; button_text_color_phone=&#8221;&#8221; button_text_color_last_edited=&#8221;on|desktop&#8221; global_colors_info=&#8221;{}&#8221; button_bg_color__hover=&#8221;#4370b4&#8243; button_bg_color__hover_enabled=&#8221;on|hover&#8221; button_text_color__hover=&#8221;#FFFFFF&#8221; button_text_color__hover_enabled=&#8221;on|hover&#8221; button_border_color__hover=&#8221;#4370b4&#8243; button_border_color__hover_enabled=&#8221;on|desktop&#8221; sticky_enabled=&#8221;0&#8243;][\/et_pb_button][\/et_pb_column][\/et_pb_row][\/et_pb_section][et_pb_section fb_built=&#8221;1&#8243; _builder_version=&#8221;4.3.2&#8243; custom_padding=&#8221;23px||55px|||&#8221; global_colors_info=&#8221;{}&#8221;][et_pb_row _builder_version=&#8221;4.9.4&#8243; max_width=&#8221;75%&#8221; custom_padding=&#8221;||21px|||&#8221; global_colors_info=&#8221;{}&#8221;][et_pb_column type=&#8221;4_4&#8243; _builder_version=&#8221;4.3.2&#8243; global_colors_info=&#8221;{}&#8221;][et_pb_text _builder_version=&#8221;4.9.4&#8243; _module_preset=&#8221;default&#8221; global_colors_info=&#8221;{}&#8221;]<\/p>\n<p>AFM is probably the less invasive probe in the toolbox of Nanotechnology. In particular, it is able to profile a sample with great accuracy and applying small enough forces as to not damage biological materials. Characterizing the behaviours of single biomolecules by AFM provides considerable novel insights into the underlying mechanisms guiding life activities, contributing much to cell and molecular biology.<\/p>\n<p>The possibility to scan in aqueous media and to perform force spectroscopy, allows us to address the analysis of enzymatic mechanisms, molecular recognition pathways, regulatory processes and forces that govern biosystems using AFM in buffer at the single-molecule level. We often make use of the identification of receptors on substrates and on cellular and bacteria membranes using functionalized tips with proper receptor-binding ligands.<\/p>\n<p>[\/et_pb_text][et_pb_image src=&#8221;https:\/\/lma.unizar.es\/wp-content\/uploads\/2021\/11\/AFM-materiales-biologicos-1.jpg&#8221; title_text=&#8221;AFM-materiales-biologicos-1&#8243; align=&#8221;center&#8221; _builder_version=&#8221;4.9.4&#8243; _module_preset=&#8221;default&#8221; custom_margin=&#8221;||26px|||&#8221; border_width_all=&#8221;1px&#8221; global_colors_info=&#8221;{}&#8221;][\/et_pb_image][et_pb_text _builder_version=&#8221;4.14.2&#8243; _module_preset=&#8221;default&#8221; text_font=&#8221;|700|on||||||&#8221; text_font_size=&#8221;14px&#8221; global_colors_info=&#8221;{}&#8221;]<\/p>\n<p>AFM images of single human GalNAc-T3 molecules showing different conformations upon ligand binding and catalysis at near physiological conditions to unveil the catalytic mechanism of this two-domain enzyme.<\/p>\n<p>[\/et_pb_text][et_pb_text _builder_version=&#8221;4.9.4&#8243; _module_preset=&#8221;default&#8221; global_colors_info=&#8221;{}&#8221;]<\/p>\n<p>Another primary line of research pursues the study of model cell membranes incorporating phospholipids, sterols, glycosphingolipids, proteins, etc&#8230; under controlled environments available at the AFM facility. These membranes are prepared using the Langmuir-Blodgett and Langmuir-Schaefer technologies. We can then study their morphology and nanomechanical properties in air or liquid media. La interacci\u00f3n de estos modelos de membranas celulares con nanopart\u00edculas, f\u00e1rmacos o xenobi\u00f3ticos es tambi\u00e9n un campo de inter\u00e9s en los laboratorios LMA.<\/p>\n<p>[\/et_pb_text][et_pb_image src=&#8221;https:\/\/lma.unizar.es\/wp-content\/uploads\/2021\/11\/AFM-materiales-biologicos-2.jpg&#8221; title_text=&#8221;AFM-materiales-biologicos-2&#8243; align=&#8221;center&#8221; _builder_version=&#8221;4.9.4&#8243; _module_preset=&#8221;default&#8221; custom_margin=&#8221;||26px|||&#8221; border_width_all=&#8221;1px&#8221; global_colors_info=&#8221;{}&#8221;][\/et_pb_image][et_pb_text _builder_version=&#8221;4.14.2&#8243; _module_preset=&#8221;default&#8221; text_font=&#8221;|700|on||||||&#8221; text_font_size=&#8221;14px&#8221; custom_margin=&#8221;||24px|||&#8221; global_colors_info=&#8221;{}&#8221;]<\/p>\n<p>The application of an alternating magnetic field to a model cell membrane on which magnetic nanoparticles have been located, induces a local heating that allows a fluidization of the membrane and penetration of the nanoparticles through the membrane.<\/p>\n<p>[\/et_pb_text][\/et_pb_column][\/et_pb_row][\/et_pb_section][et_pb_section fb_built=&#8221;1&#8243; _builder_version=&#8221;4.9.4&#8243; _module_preset=&#8221;default&#8221; min_height=&#8221;179px&#8221; custom_margin=&#8221;9px||-9px|||&#8221; custom_padding=&#8221;0px||4px|||&#8221; saved_tabs=&#8221;all&#8221; global_colors_info=&#8221;{}&#8221;][et_pb_row use_custom_gutter=&#8221;on&#8221; gutter_width=&#8221;4&#8243; _builder_version=&#8221;4.9.4&#8243; _module_preset=&#8221;default&#8221; max_width=&#8221;75%&#8221; custom_margin=&#8221;0px|auto||auto||&#8221; custom_padding=&#8221;55px||||false|false&#8221; global_colors_info=&#8221;{}&#8221;][et_pb_column type=&#8221;4_4&#8243; _builder_version=&#8221;4.9.4&#8243; _module_preset=&#8221;default&#8221; global_colors_info=&#8221;{}&#8221;][et_pb_gallery gallery_ids=&#8221;2911,2910,3029&#8243; posts_number=&#8221;3&#8243; show_title_and_caption=&#8221;off&#8221; show_pagination=&#8221;off&#8221; module_class=&#8221;ilogos&#8221; _builder_version=&#8221;4.9.4&#8243; _module_preset=&#8221;default&#8221; global_colors_info=&#8221;{}&#8221;][\/et_pb_gallery][\/et_pb_column][\/et_pb_row][\/et_pb_section][et_pb_section fb_built=&#8221;1&#8243; _builder_version=&#8221;4.9.4&#8243; _module_preset=&#8221;default&#8221; use_background_color_gradient=&#8221;on&#8221; background_color_gradient_start=&#8221;#000000&#8243; background_color_gradient_end=&#8221;rgba(0,0,0,0.48)&#8221; background_color_gradient_overlays_image=&#8221;on&#8221; background_image=&#8221;https:\/\/lma.unizar.es\/wp-content\/uploads\/2021\/10\/render-lma-1.jpg&#8221; custom_margin=&#8221;9px|||||&#8221; custom_padding=&#8221;||42px|||&#8221; saved_tabs=&#8221;all&#8221; global_colors_info=&#8221;{}&#8221;][et_pb_row column_structure=&#8221;1_3,1_3,1_3&#8243; use_custom_gutter=&#8221;on&#8221; gutter_width=&#8221;2&#8243; _builder_version=&#8221;4.9.4&#8243; _module_preset=&#8221;default&#8221; max_width=&#8221;75%&#8221; global_colors_info=&#8221;{}&#8221;][et_pb_column type=&#8221;1_3&#8243; _builder_version=&#8221;4.9.4&#8243; _module_preset=&#8221;default&#8221; global_colors_info=&#8221;{}&#8221;][et_pb_text _builder_version=&#8221;4.9.4&#8243; _module_preset=&#8221;default&#8221; text_text_color=&#8221;#FFFFFF&#8221; text_line_height=&#8221;2em&#8221; global_colors_info=&#8221;{}&#8221;]<\/p>\n<p style=\"font-size: 20px; line-height: 1.4em; font-weight: bold;\">Laboratorio de Microscop\u00edas Avanzadas\n<\/p>\n<p>We are a unique initiative at national and international levels. We provide the scientific and industrial community with the most advanced infrastructures in Nanofabrication, Local Probe and Electron Microscopies for the observation, characterization, nanopatterning and handling of materials at atomic and molecular scale.[\/et_pb_text][\/et_pb_column][et_pb_column type=&#8221;1_3&#8243; _builder_version=&#8221;4.9.4&#8243; _module_preset=&#8221;default&#8221; global_colors_info=&#8221;{}&#8221;][et_pb_text _builder_version=&#8221;4.9.4&#8243; _module_preset=&#8221;default&#8221; text_text_color=&#8221;#FFFFFF&#8221; link_text_color=&#8221;#FFFFFF&#8221; global_colors_info=&#8221;{}&#8221;]<\/p>\n<p style=\"font-size: 20px; line-height: 1.4em; font-weight: bold;\">Contact information<\/p>\n<p>Campus R\u00edo Ebro, Edificio Edificio I+D+i<\/p>\n<div itemscope=\"\" itemtype=\"http:\/\/schema.org\/LocalBusiness\">\n<div itemprop=\"address\" itemscope=\"\" itemtype=\"http:\/\/schema.org\/PostalAddress\"><span itemprop=\"streetAddress\"> C\/ Mariano Esquillor, s\/n<\/span><br \/><span><span itemprop=\"postalCode\">50018<\/span> <span itemprop=\"addressLocality\">Zaragoza (Espa\u00f1a)<\/span><\/span><\/div>\n<p><span itemprop=\"telephone\" style=\"color: #333333;\"><a href=\"tel:+34976762980\" style=\"color: #333333;\"><strong>Tel.:(+34) 976 762 980 <\/strong><\/a><\/span><br \/><span style=\"color: #333333;\"><a href=\"mailto:lma@unizar.es\" itemprop=\"email\" style=\"color: #333333;\"><strong>lma@unizar.es<\/strong><\/a><\/span><br \/><span><time itemprop=\"openingHours\" datetime=\"Mo, Tu, We, Th, Fr 09:00-15:00 17:00-20:00\"><strong>Monday-Friday:<\/strong><br \/>08:00h-15:00h<br \/><\/time><\/span><\/p>\n<div itemprop=\"image\" itemscope=\"\" itemtype=\"http:\/\/schema.org\/ImageObject\"><a href=\"#\" itemprop=\"url\"><br \/><img decoding=\"async\" style=\"margin-top: 10px;\" src=\"\/wp-content\/uploads\/2021\/06\/lma-blanco.png\" width=\"70%\" alt=\"Logo LMA\"><br \/><\/a><\/div>\n<\/div>\n<p>[\/et_pb_text][\/et_pb_column][et_pb_column type=&#8221;1_3&#8243; _builder_version=&#8221;4.9.4&#8243; _module_preset=&#8221;default&#8221; global_colors_info=&#8221;{}&#8221;][et_pb_text _builder_version=&#8221;4.9.4&#8243; _module_preset=&#8221;default&#8221; text_text_color=&#8221;#FFFFFF&#8221; link_text_color=&#8221;#FFFFFF&#8221; ul_line_height=&#8221;2em&#8221; global_colors_info=&#8221;{}&#8221;]<\/p>\n<p style=\"font-size: 20px; line-height: 1.4em; font-weight: bold; margin-bottom: 20px;\"><strong>Direct Links<\/strong><\/p>\n<ul>\n<li><strong><a href=\"https:\/\/lma.unizar.es\/en\/equipment-rates\/\">Equipment &amp; rates<\/a><\/strong><\/li>\n<li><strong><a href=\"https:\/\/lma.unizar.es\/en\/access-protocol\/\">Access Protocol<\/a><\/strong><\/li>\n<li><strong><a href=\"https:\/\/lma.unizar.es\/en\/events\/\">Events<\/a><\/strong><\/li>\n<li><strong><a href=\"https:\/\/lma.unizar.es\/en\/news\/\">News<\/a><\/strong><\/li>\n<li><strong><a href=\"https:\/\/lma.unizar.es\/en\/outreach\/\">Outreach<\/a><\/strong><\/li>\n<li><strong><a href=\"https:\/\/lma.unizar.es\/en\/contact\/\">Contact<\/a><\/strong><\/li>\n<\/ul>\n<p>[\/et_pb_text][\/et_pb_column][\/et_pb_row][\/et_pb_section][et_pb_section fb_built=&#8221;1&#8243; _builder_version=&#8221;4.9.4&#8243; _module_preset=&#8221;default&#8221; background_color=&#8221;#4370b4&#8243; custom_padding=&#8221;0px||0px|||&#8221; saved_tabs=&#8221;all&#8221; global_colors_info=&#8221;{}&#8221;][et_pb_row _builder_version=&#8221;4.9.4&#8243; _module_preset=&#8221;default&#8221; width=&#8221;100%&#8221; max_width=&#8221;100%&#8221; custom_padding=&#8221;21px||23px|||&#8221; global_colors_info=&#8221;{}&#8221;][et_pb_column type=&#8221;4_4&#8243; _builder_version=&#8221;4.9.4&#8243; _module_preset=&#8221;default&#8221; global_colors_info=&#8221;{}&#8221;][et_pb_text _builder_version=&#8221;4.9.4&#8243; _module_preset=&#8221;default&#8221; text_font=&#8221;|700|||||||&#8221; text_text_color=&#8221;#FFFFFF&#8221; text_font_size=&#8221;14px&#8221; link_font=&#8221;|700|||||||&#8221; link_text_color=&#8221;#FFFFFF&#8221; global_colors_info=&#8221;{}&#8221;]<\/p>\n<p style=\"text-align: center;\"><span>\u00a9 2021 LMA | Website developed by <\/span><a title=\"Online Marketing Agency\" href=\"http:\/\/www.o10media.es\/\" target=\"_top\" rel=\"noopener\">o10media<\/a><span> | <\/span><a rel=\"nofollow noopener\" href=\"https:\/\/lmanew.e6318.servidornet.com\/politica-privacidad\/\" target=\"_top\">Pol\u00edtica de privacidad<\/a><span> | <\/span><a rel=\"nofollow noopener\" href=\"https:\/\/lmanew.e6318.servidornet.com\/aviso-legal\/\" target=\"_top\">Aviso legal<\/a><span> | <\/span><a rel=\"nofollow noopener\" href=\"https:\/\/lmanew.e6318.servidornet.com\/condiciones-uso\/\" target=\"_top\">Condiciones de uso<\/a><span> | <\/span><a rel=\"nofollow noopener\" href=\"https:\/\/lmanew.e6318.servidornet.com\/politica-cookies\/\" target=\"_top\">Pol\u00edtica de Cookies<\/a><span> |<\/span><\/p>\n<p>[\/et_pb_text][\/et_pb_column][\/et_pb_row][\/et_pb_section]<\/p>\n","protected":false},"excerpt":{"rendered":"<p>BIOLOGICAL AFMScanning probe microscopy (SPM) areaAFM is probably the less invasive probe in the toolbox of Nanotechnology. In particular, it is able to profile a sample with great accuracy and applying small enough forces as to not damage biological materials. Characterizing the behaviours of single biomolecules by AFM provides considerable novel insights into the underlying [&hellip;]<\/p>\n","protected":false},"author":1,"featured_media":0,"parent":0,"menu_order":0,"comment_status":"closed","ping_status":"closed","template":"","meta":{"_et_pb_use_builder":"on","_et_pb_old_content":"","_et_gb_content_width":"","footnotes":""},"class_list":["post-3154","page","type-page","status-publish","hentry"],"yoast_head":"<!-- This site is optimized with the Yoast SEO plugin v27.5 - https:\/\/yoast.com\/product\/yoast-seo-wordpress\/ -->\n<title>Biological AFM | LMA<\/title>\n<meta name=\"robots\" content=\"index, follow, max-snippet:-1, max-image-preview:large, max-video-preview:-1\" \/>\n<link rel=\"canonical\" href=\"https:\/\/lma.unizar.es\/en\/biological-afm\/\" \/>\n<meta property=\"og:locale\" content=\"en_US\" \/>\n<meta property=\"og:type\" content=\"article\" \/>\n<meta property=\"og:title\" content=\"Biological AFM | LMA\" \/>\n<meta property=\"og:description\" content=\"BIOLOGICAL AFMScanning probe microscopy (SPM) areaAFM is probably the less invasive probe in the toolbox of Nanotechnology. In particular, it is able to profile a sample with great accuracy and applying small enough forces as to not damage biological materials. Characterizing the behaviours of single biomolecules by AFM provides considerable novel insights into the underlying [&hellip;]\" \/>\n<meta property=\"og:url\" content=\"https:\/\/lma.unizar.es\/en\/biological-afm\/\" \/>\n<meta property=\"og:site_name\" content=\"LMA\" \/>\n<meta property=\"article:modified_time\" content=\"2025-01-17T13:19:39+00:00\" \/>\n<meta name=\"twitter:card\" content=\"summary_large_image\" \/>\n<meta name=\"twitter:site\" content=\"@LMA_UNIZAR\" \/>\n<meta name=\"twitter:label1\" content=\"Est. reading time\" \/>\n\t<meta name=\"twitter:data1\" content=\"6 minutes\" \/>\n<script type=\"application\/ld+json\" class=\"yoast-schema-graph\">{\"@context\":\"https:\\\/\\\/schema.org\",\"@graph\":[{\"@type\":\"WebPage\",\"@id\":\"https:\\\/\\\/lma.unizar.es\\\/en\\\/biological-afm\\\/\",\"url\":\"https:\\\/\\\/lma.unizar.es\\\/en\\\/biological-afm\\\/\",\"name\":\"Biological AFM | LMA\",\"isPartOf\":{\"@id\":\"https:\\\/\\\/lma.unizar.es\\\/en\\\/#website\"},\"datePublished\":\"2021-11-24T10:12:32+00:00\",\"dateModified\":\"2025-01-17T13:19:39+00:00\",\"breadcrumb\":{\"@id\":\"https:\\\/\\\/lma.unizar.es\\\/en\\\/biological-afm\\\/#breadcrumb\"},\"inLanguage\":\"en-US\",\"potentialAction\":[{\"@type\":\"ReadAction\",\"target\":[\"https:\\\/\\\/lma.unizar.es\\\/en\\\/biological-afm\\\/\"]}]},{\"@type\":\"BreadcrumbList\",\"@id\":\"https:\\\/\\\/lma.unizar.es\\\/en\\\/biological-afm\\\/#breadcrumb\",\"itemListElement\":[{\"@type\":\"ListItem\",\"position\":1,\"name\":\"Portada\",\"item\":\"https:\\\/\\\/lma.unizar.es\\\/en\\\/\"},{\"@type\":\"ListItem\",\"position\":2,\"name\":\"Biological AFM\"}]},{\"@type\":\"WebSite\",\"@id\":\"https:\\\/\\\/lma.unizar.es\\\/en\\\/#website\",\"url\":\"https:\\\/\\\/lma.unizar.es\\\/en\\\/\",\"name\":\"LMA\",\"description\":\"Laboratorio de Microscopias Avanzadas\",\"publisher\":{\"@id\":\"https:\\\/\\\/lma.unizar.es\\\/en\\\/#organization\"},\"potentialAction\":[{\"@type\":\"SearchAction\",\"target\":{\"@type\":\"EntryPoint\",\"urlTemplate\":\"https:\\\/\\\/lma.unizar.es\\\/en\\\/?s={search_term_string}\"},\"query-input\":{\"@type\":\"PropertyValueSpecification\",\"valueRequired\":true,\"valueName\":\"search_term_string\"}}],\"inLanguage\":\"en-US\"},{\"@type\":\"Organization\",\"@id\":\"https:\\\/\\\/lma.unizar.es\\\/en\\\/#organization\",\"name\":\"Laboratorio de Microscop\u00edas Avanzadas\",\"alternateName\":\"LMA\",\"url\":\"https:\\\/\\\/lma.unizar.es\\\/en\\\/\",\"logo\":{\"@type\":\"ImageObject\",\"inLanguage\":\"en-US\",\"@id\":\"https:\\\/\\\/lma.unizar.es\\\/en\\\/#\\\/schema\\\/logo\\\/image\\\/\",\"url\":\"https:\\\/\\\/lma.unizar.es\\\/wp-content\\\/uploads\\\/2024\\\/05\\\/IG-LMA.png\",\"contentUrl\":\"https:\\\/\\\/lma.unizar.es\\\/wp-content\\\/uploads\\\/2024\\\/05\\\/IG-LMA.png\",\"width\":1080,\"height\":1080,\"caption\":\"Laboratorio de Microscop\u00edas Avanzadas\"},\"image\":{\"@id\":\"https:\\\/\\\/lma.unizar.es\\\/en\\\/#\\\/schema\\\/logo\\\/image\\\/\"},\"sameAs\":[\"https:\\\/\\\/x.com\\\/LMA_UNIZAR\"]}]}<\/script>\n<!-- \/ Yoast SEO plugin. -->","yoast_head_json":{"title":"Biological AFM | LMA","robots":{"index":"index","follow":"follow","max-snippet":"max-snippet:-1","max-image-preview":"max-image-preview:large","max-video-preview":"max-video-preview:-1"},"canonical":"https:\/\/lma.unizar.es\/en\/biological-afm\/","og_locale":"en_US","og_type":"article","og_title":"Biological AFM | LMA","og_description":"BIOLOGICAL AFMScanning probe microscopy (SPM) areaAFM is probably the less invasive probe in the toolbox of Nanotechnology. In particular, it is able to profile a sample with great accuracy and applying small enough forces as to not damage biological materials. Characterizing the behaviours of single biomolecules by AFM provides considerable novel insights into the underlying [&hellip;]","og_url":"https:\/\/lma.unizar.es\/en\/biological-afm\/","og_site_name":"LMA","article_modified_time":"2025-01-17T13:19:39+00:00","twitter_card":"summary_large_image","twitter_site":"@LMA_UNIZAR","twitter_misc":{"Est. reading time":"6 minutes"},"schema":{"@context":"https:\/\/schema.org","@graph":[{"@type":"WebPage","@id":"https:\/\/lma.unizar.es\/en\/biological-afm\/","url":"https:\/\/lma.unizar.es\/en\/biological-afm\/","name":"Biological AFM | LMA","isPartOf":{"@id":"https:\/\/lma.unizar.es\/en\/#website"},"datePublished":"2021-11-24T10:12:32+00:00","dateModified":"2025-01-17T13:19:39+00:00","breadcrumb":{"@id":"https:\/\/lma.unizar.es\/en\/biological-afm\/#breadcrumb"},"inLanguage":"en-US","potentialAction":[{"@type":"ReadAction","target":["https:\/\/lma.unizar.es\/en\/biological-afm\/"]}]},{"@type":"BreadcrumbList","@id":"https:\/\/lma.unizar.es\/en\/biological-afm\/#breadcrumb","itemListElement":[{"@type":"ListItem","position":1,"name":"Portada","item":"https:\/\/lma.unizar.es\/en\/"},{"@type":"ListItem","position":2,"name":"Biological AFM"}]},{"@type":"WebSite","@id":"https:\/\/lma.unizar.es\/en\/#website","url":"https:\/\/lma.unizar.es\/en\/","name":"LMA","description":"Laboratorio de Microscopias Avanzadas","publisher":{"@id":"https:\/\/lma.unizar.es\/en\/#organization"},"potentialAction":[{"@type":"SearchAction","target":{"@type":"EntryPoint","urlTemplate":"https:\/\/lma.unizar.es\/en\/?s={search_term_string}"},"query-input":{"@type":"PropertyValueSpecification","valueRequired":true,"valueName":"search_term_string"}}],"inLanguage":"en-US"},{"@type":"Organization","@id":"https:\/\/lma.unizar.es\/en\/#organization","name":"Laboratorio de Microscop\u00edas Avanzadas","alternateName":"LMA","url":"https:\/\/lma.unizar.es\/en\/","logo":{"@type":"ImageObject","inLanguage":"en-US","@id":"https:\/\/lma.unizar.es\/en\/#\/schema\/logo\/image\/","url":"https:\/\/lma.unizar.es\/wp-content\/uploads\/2024\/05\/IG-LMA.png","contentUrl":"https:\/\/lma.unizar.es\/wp-content\/uploads\/2024\/05\/IG-LMA.png","width":1080,"height":1080,"caption":"Laboratorio de Microscop\u00edas Avanzadas"},"image":{"@id":"https:\/\/lma.unizar.es\/en\/#\/schema\/logo\/image\/"},"sameAs":["https:\/\/x.com\/LMA_UNIZAR"]}]}},"_links":{"self":[{"href":"https:\/\/lma.unizar.es\/en\/wp-json\/wp\/v2\/pages\/3154","targetHints":{"allow":["GET"]}}],"collection":[{"href":"https:\/\/lma.unizar.es\/en\/wp-json\/wp\/v2\/pages"}],"about":[{"href":"https:\/\/lma.unizar.es\/en\/wp-json\/wp\/v2\/types\/page"}],"author":[{"embeddable":true,"href":"https:\/\/lma.unizar.es\/en\/wp-json\/wp\/v2\/users\/1"}],"replies":[{"embeddable":true,"href":"https:\/\/lma.unizar.es\/en\/wp-json\/wp\/v2\/comments?post=3154"}],"version-history":[{"count":8,"href":"https:\/\/lma.unizar.es\/en\/wp-json\/wp\/v2\/pages\/3154\/revisions"}],"predecessor-version":[{"id":7326,"href":"https:\/\/lma.unizar.es\/en\/wp-json\/wp\/v2\/pages\/3154\/revisions\/7326"}],"wp:attachment":[{"href":"https:\/\/lma.unizar.es\/en\/wp-json\/wp\/v2\/media?parent=3154"}],"curies":[{"name":"wp","href":"https:\/\/api.w.org\/{rel}","templated":true}]}}